{"id":8853,"date":"2023-12-20T10:14:29","date_gmt":"2023-12-20T09:14:29","guid":{"rendered":"https:\/\/www.colianlogistic.pl\/?page_id=8853"},"modified":"2024-12-20T09:15:25","modified_gmt":"2024-12-20T08:15:25","slug":"dokumenty-firmowe","status":"publish","type":"page","link":"https:\/\/www.colianlogistic.pl\/pl\/dokumenty-firmowe\/","title":{"rendered":"Dokumenty Firmowe"},"content":{"rendered":"\t\t<div data-elementor-type=\"wp-post\" data-elementor-id=\"8853\" class=\"elementor elementor-8853\" data-elementor-settings=\"[]\">\n\t\t\t\t\t\t<div class=\"elementor-inner\">\n\t\t\t\t\t\t\t<div class=\"elementor-section-wrap\">\n\t\t\t\t\t\t\t<section class=\"elementor-section elementor-top-section elementor-element elementor-element-e561835 elementor-section-stretched elementor-section-full_width scheme_dark elementor-section-height-default elementor-section-height-default\" data-id=\"e561835\" data-element_type=\"section\" data-settings=\"{&quot;stretch_section&quot;:&quot;section-stretched&quot;,&quot;background_background&quot;:&quot;slideshow&quot;,&quot;background_slideshow_gallery&quot;:[{&quot;id&quot;:3838,&quot;url&quot;:&quot;http:\\\/\\\/www.colianlogistic.pl\\\/wp-content\\\/uploads\\\/2020\\\/06\\\/cl-o-nas3.jpg&quot;}],&quot;background_slideshow_slide_duration&quot;:2000,&quot;background_slideshow_ken_burns&quot;:&quot;yes&quot;,&quot;background_slideshow_loop&quot;:&quot;yes&quot;,&quot;background_slideshow_slide_transition&quot;:&quot;fade&quot;,&quot;background_slideshow_transition_duration&quot;:500,&quot;background_slideshow_ken_burns_zoom_direction&quot;:&quot;in&quot;}\">\n\t\t\t\t\t\t\t<div class=\"elementor-background-overlay\"><\/div>\n\t\t\t\t\t\t\t<div class=\"elementor-container elementor-column-gap-extended\">\n\t\t\t\t\t\t\t<div class=\"elementor-row\">\n\t\t\t\t\t<div class=\"elementor-column elementor-col-100 elementor-top-column elementor-element elementor-element-f33fa3c sc_layouts_column_icons_position_left\" data-id=\"f33fa3c\" data-element_type=\"column\">\n\t\t\t<div class=\"elementor-column-wrap elementor-element-populated\">\n\t\t\t\t\t\t\t<div class=\"elementor-widget-wrap\">\n\t\t\t\t\t\t<div class=\"elementor-element elementor-element-2e969c7 elementor-widget elementor-widget-spacer\" data-id=\"2e969c7\" data-element_type=\"widget\" data-widget_type=\"spacer.default\">\n\t\t\t\t<div class=\"elementor-widget-container\">\n\t\t\t\t\t<div class=\"elementor-spacer\">\n\t\t\t<div class=\"elementor-spacer-inner\"><\/div>\n\t\t<\/div>\n\t\t\t\t<\/div>\n\t\t\t\t<\/div>\n\t\t\t\t<div class=\"elementor-element elementor-element-3b331de elementor-widget elementor-widget-trx_sc_layouts_title\" data-id=\"3b331de\" data-element_type=\"widget\" data-widget_type=\"trx_sc_layouts_title.default\">\n\t\t\t\t<div class=\"elementor-widget-container\">\n\t\t\t<div id=\"trx_sc_layouts_title_1804738939\" class=\"sc_layouts_title sc_align_center with_content without_image without_tint\"><div class=\"sc_layouts_title_content\"><div class=\"sc_layouts_title_title\">\t\t\t\t\t\t\t<h1 class=\"sc_layouts_title_caption\">Dokumenty Firmowe<\/h1>\n\t\t\t\t\t\t\t<\/div><\/div><!-- .sc_layouts_title_content --><\/div><!-- \/.sc_layouts_title -->\t\t<\/div>\n\t\t\t\t<\/div>\n\t\t\t\t<div class=\"elementor-element elementor-element-62d8048 elementor-widget elementor-widget-spacer\" data-id=\"62d8048\" data-element_type=\"widget\" data-widget_type=\"spacer.default\">\n\t\t\t\t<div class=\"elementor-widget-container\">\n\t\t\t\t\t<div class=\"elementor-spacer\">\n\t\t\t<div class=\"elementor-spacer-inner\"><\/div>\n\t\t<\/div>\n\t\t\t\t<\/div>\n\t\t\t\t<\/div>\n\t\t\t\t\t\t<\/div>\n\t\t\t\t\t<\/div>\n\t\t<\/div>\n\t\t\t\t\t\t\t\t<\/div>\n\t\t\t\t\t<\/div>\n\t\t<\/section>\n\t\t\t\t<section class=\"elementor-section elementor-top-section elementor-element elementor-element-2218432 elementor-section-content-middle scheme_default elementor-section-boxed elementor-section-height-default elementor-section-height-default\" data-id=\"2218432\" data-element_type=\"section\">\n\t\t\t\t\t\t<div class=\"elementor-container elementor-column-gap-extended\">\n\t\t\t\t\t\t\t<div class=\"elementor-row\">\n\t\t\t\t\t<div class=\"elementor-column elementor-col-100 elementor-top-column elementor-element elementor-element-c90f86e sc_layouts_column_icons_position_left\" data-id=\"c90f86e\" data-element_type=\"column\">\n\t\t\t<div class=\"elementor-column-wrap elementor-element-populated\">\n\t\t\t\t\t\t\t<div class=\"elementor-widget-wrap\">\n\t\t\t\t\t\t<div class=\"elementor-element elementor-element-839098d elementor-widget elementor-widget-spacer\" data-id=\"839098d\" data-element_type=\"widget\" data-widget_type=\"spacer.default\">\n\t\t\t\t<div class=\"elementor-widget-container\">\n\t\t\t\t\t<div class=\"elementor-spacer\">\n\t\t\t<div class=\"elementor-spacer-inner\"><\/div>\n\t\t<\/div>\n\t\t\t\t<\/div>\n\t\t\t\t<\/div>\n\t\t\t\t<div class=\"elementor-element elementor-element-9893b1a elementor-widget elementor-widget-trx_sc_title\" data-id=\"9893b1a\" data-element_type=\"widget\" data-widget_type=\"trx_sc_title.default\">\n\t\t\t\t<div class=\"elementor-widget-container\">\n\t\t\t<div id=\"trx_sc_title_104544386\"\n\t\tclass=\"sc_title color_style_default sc_title_default with_border\">\n<div class=\"sc_title_container  sc_align_none title_style_default with_border\">\n<h6 class=\"sc_item_subtitle sc_title_subtitle sc_align_none sc_item_title_style_default with_border\">WSZYSTKO <\/h6><h2 class=\"sc_item_title sc_title_title sc_align_none sc_item_title_style_default with_border\">W JEDNYM MIEJSCU<\/h2><\/div>\n\n<\/div><!-- \/.sc_title -->\t\t<\/div>\n\t\t\t\t<\/div>\n\t\t\t\t<div class=\"elementor-element elementor-element-1574bcd elementor-widget elementor-widget-spacer\" data-id=\"1574bcd\" data-element_type=\"widget\" data-widget_type=\"spacer.default\">\n\t\t\t\t<div class=\"elementor-widget-container\">\n\t\t\t\t\t<div class=\"elementor-spacer\">\n\t\t\t<div class=\"elementor-spacer-inner\"><\/div>\n\t\t<\/div>\n\t\t\t\t<\/div>\n\t\t\t\t<\/div>\n\t\t\t\t<div class=\"elementor-element elementor-element-b3fb242 elementor-widget elementor-widget-text-editor\" data-id=\"b3fb242\" data-element_type=\"widget\" data-widget_type=\"text-editor.default\">\n\t\t\t\t<div class=\"elementor-widget-container\">\n\t\t\t\t\t\t\t\t<div class=\"elementor-text-editor elementor-clearfix\">\n\t\t\t\t<p>Znajdziesz tutaj najwa\u017cniejsze dokumenty firmowe Colian Logistic. Do ich poprawnego otwarcia prosimy u\u017cywa\u0107 dedykowanej przegl\u0105darki plik\u00f3w .PDF (np. Acrobat Reader).<\/p>\t\t\t\t\t<\/div>\n\t\t\t\t\t\t<\/div>\n\t\t\t\t<\/div>\n\t\t\t\t\t\t<\/div>\n\t\t\t\t\t<\/div>\n\t\t<\/div>\n\t\t\t\t\t\t\t\t<\/div>\n\t\t\t\t\t<\/div>\n\t\t<\/section>\n\t\t\t\t<section class=\"elementor-section elementor-top-section elementor-element elementor-element-c3ba6bd scheme_default elementor-section-boxed elementor-section-height-default elementor-section-height-default\" data-id=\"c3ba6bd\" data-element_type=\"section\">\n\t\t\t\t\t\t<div class=\"elementor-container elementor-column-gap-extended\">\n\t\t\t\t\t\t\t<div class=\"elementor-row\">\n\t\t\t\t\t<div class=\"elementor-column elementor-col-100 elementor-top-column elementor-element elementor-element-0fc8c5d sc_layouts_column_icons_position_left\" data-id=\"0fc8c5d\" data-element_type=\"column\">\n\t\t\t<div class=\"elementor-column-wrap elementor-element-populated\">\n\t\t\t\t\t\t\t<div class=\"elementor-widget-wrap\">\n\t\t\t\t\t\t<div class=\"elementor-element elementor-element-105d041 elementor-widget elementor-widget-spacer\" data-id=\"105d041\" data-element_type=\"widget\" data-widget_type=\"spacer.default\">\n\t\t\t\t<div class=\"elementor-widget-container\">\n\t\t\t\t\t<div class=\"elementor-spacer\">\n\t\t\t<div class=\"elementor-spacer-inner\"><\/div>\n\t\t<\/div>\n\t\t\t\t<\/div>\n\t\t\t\t<\/div>\n\t\t\t\t\t\t<\/div>\n\t\t\t\t\t<\/div>\n\t\t<\/div>\n\t\t\t\t\t\t\t\t<\/div>\n\t\t\t\t\t<\/div>\n\t\t<\/section>\n\t\t\t\t<section class=\"elementor-section elementor-top-section elementor-element elementor-element-f6d2133 elementor-section-content-middle elementor-section-boxed elementor-section-height-default elementor-section-height-default\" data-id=\"f6d2133\" data-element_type=\"section\">\n\t\t\t\t\t\t<div class=\"elementor-container elementor-column-gap-extended\">\n\t\t\t\t\t\t\t<div class=\"elementor-row\">\n\t\t\t\t\t<div class=\"elementor-column elementor-col-100 elementor-top-column elementor-element elementor-element-a17c35f sc_layouts_column_icons_position_left\" data-id=\"a17c35f\" data-element_type=\"column\">\n\t\t\t<div class=\"elementor-column-wrap elementor-element-populated\">\n\t\t\t\t\t\t\t<div class=\"elementor-widget-wrap\">\n\t\t\t\t\t\t<div class=\"elementor-element elementor-element-f29b119 elementor-widget elementor-widget-spacer\" data-id=\"f29b119\" data-element_type=\"widget\" data-widget_type=\"spacer.default\">\n\t\t\t\t<div class=\"elementor-widget-container\">\n\t\t\t\t\t<div class=\"elementor-spacer\">\n\t\t\t<div class=\"elementor-spacer-inner\"><\/div>\n\t\t<\/div>\n\t\t\t\t<\/div>\n\t\t\t\t<\/div>\n\t\t\t\t<div class=\"elementor-element elementor-element-6496c6e elementor-position-left elementor-vertical-align-middle elementor-view-default elementor-widget elementor-widget-icon-box\" data-id=\"6496c6e\" data-element_type=\"widget\" data-widget_type=\"icon-box.default\">\n\t\t\t\t<div class=\"elementor-widget-container\">\n\t\t\t\t\t<div class=\"elementor-icon-box-wrapper\">\n\t\t\t\t\t\t<div class=\"elementor-icon-box-icon\">\n\t\t\t\t<a class=\"elementor-icon elementor-animation-\" href=\"https:\/\/www.colianlogistic.pl\/wp-content\/uploads\/2024\/12\/Informacja_o_realizowanej_strategii_podatkowej_2023_Colian-Logistic.pdf\" target=\"_blank\">\n\t\t\t\t<i aria-hidden=\"true\" class=\"far fa-file-pdf\"><\/i>\t\t\t\t<\/a>\n\t\t\t<\/div>\n\t\t\t\t\t\t<div class=\"elementor-icon-box-content\">\n\t\t\t\t<h5 class=\"elementor-icon-box-title\">\n\t\t\t\t\t<a href=\"https:\/\/www.colianlogistic.pl\/wp-content\/uploads\/2024\/12\/Informacja_o_realizowanej_strategii_podatkowej_2023_Colian-Logistic.pdf\" target=\"_blank\" >\n\t\t\t\t\t\tInformacja o realizowanej strategii podatkowej sporz\u0105dzona zgodnie z art. 27c ustawy o podatku dochodowym od os\u00f3b prawnych\t\t\t\t\t<\/a>\n\t\t\t\t<\/h5>\n\t\t\t\t\t\t\t\t\t<p class=\"elementor-icon-box-description\">\n\t\t\t\t\t\tza rok podatkowy\n2023\t\t\t\t\t<\/p>\n\t\t\t\t\t\t\t<\/div>\n\t\t<\/div>\n\t\t\t\t<\/div>\n\t\t\t\t<\/div>\n\t\t\t\t\t\t<\/div>\n\t\t\t\t\t<\/div>\n\t\t<\/div>\n\t\t\t\t\t\t\t\t<\/div>\n\t\t\t\t\t<\/div>\n\t\t<\/section>\n\t\t\t\t<section class=\"elementor-section elementor-top-section elementor-element elementor-element-08c9a46 elementor-section-content-middle elementor-section-boxed elementor-section-height-default elementor-section-height-default\" data-id=\"08c9a46\" data-element_type=\"section\">\n\t\t\t\t\t\t<div class=\"elementor-container elementor-column-gap-extended\">\n\t\t\t\t\t\t\t<div class=\"elementor-row\">\n\t\t\t\t\t<div class=\"elementor-column elementor-col-100 elementor-top-column elementor-element elementor-element-fa334d4 sc_layouts_column_icons_position_left\" data-id=\"fa334d4\" data-element_type=\"column\">\n\t\t\t<div class=\"elementor-column-wrap elementor-element-populated\">\n\t\t\t\t\t\t\t<div class=\"elementor-widget-wrap\">\n\t\t\t\t\t\t<div class=\"elementor-element elementor-element-790b911 elementor-widget elementor-widget-spacer\" data-id=\"790b911\" data-element_type=\"widget\" data-widget_type=\"spacer.default\">\n\t\t\t\t<div class=\"elementor-widget-container\">\n\t\t\t\t\t<div class=\"elementor-spacer\">\n\t\t\t<div class=\"elementor-spacer-inner\"><\/div>\n\t\t<\/div>\n\t\t\t\t<\/div>\n\t\t\t\t<\/div>\n\t\t\t\t<div class=\"elementor-element elementor-element-4a9b739 elementor-position-left elementor-vertical-align-middle elementor-view-default elementor-widget elementor-widget-icon-box\" data-id=\"4a9b739\" data-element_type=\"widget\" data-widget_type=\"icon-box.default\">\n\t\t\t\t<div class=\"elementor-widget-container\">\n\t\t\t\t\t<div class=\"elementor-icon-box-wrapper\">\n\t\t\t\t\t\t<div class=\"elementor-icon-box-icon\">\n\t\t\t\t<a class=\"elementor-icon elementor-animation-\" href=\"https:\/\/www.colianlogistic.pl\/wp-content\/uploads\/2023\/12\/Informacja_o_realizowanej_strategii_podatkowej_2022_Colian-Logistic.pdf\" target=\"_blank\">\n\t\t\t\t<i aria-hidden=\"true\" class=\"far fa-file-pdf\"><\/i>\t\t\t\t<\/a>\n\t\t\t<\/div>\n\t\t\t\t\t\t<div class=\"elementor-icon-box-content\">\n\t\t\t\t<h5 class=\"elementor-icon-box-title\">\n\t\t\t\t\t<a href=\"https:\/\/www.colianlogistic.pl\/wp-content\/uploads\/2023\/12\/Informacja_o_realizowanej_strategii_podatkowej_2022_Colian-Logistic.pdf\" target=\"_blank\" >\n\t\t\t\t\t\tInformacja o realizowanej strategii podatkowej sporz\u0105dzona zgodnie z art. 27c ustawy o podatku dochodowym od os\u00f3b prawnych\t\t\t\t\t<\/a>\n\t\t\t\t<\/h5>\n\t\t\t\t\t\t\t\t\t<p class=\"elementor-icon-box-description\">\n\t\t\t\t\t\tza rok podatkowy\n2022\t\t\t\t\t<\/p>\n\t\t\t\t\t\t\t<\/div>\n\t\t<\/div>\n\t\t\t\t<\/div>\n\t\t\t\t<\/div>\n\t\t\t\t\t\t<\/div>\n\t\t\t\t\t<\/div>\n\t\t<\/div>\n\t\t\t\t\t\t\t\t<\/div>\n\t\t\t\t\t<\/div>\n\t\t<\/section>\n\t\t\t\t\t\t<\/div>\n\t\t\t\t\t\t<\/div>\n\t\t\t\t\t<\/div>\n\t\t","protected":false},"excerpt":{"rendered":"<p>Dokumenty Firmowe WSZYSTKO W JEDNYM MIEJSCU Znajdziesz tutaj najwa\u017cniejsze dokumenty firmowe Colian Logistic. Do ich poprawnego otwarcia prosimy u\u017cywa\u0107 dedykowanej przegl\u0105darki plik\u00f3w .PDF (np. Acrobat Reader). Informacja o realizowanej strategii podatkowej sporz\u0105dzona zgodnie z art. 27c ustawy o&hellip;<\/p>\n","protected":false},"author":4,"featured_media":0,"parent":0,"menu_order":0,"comment_status":"closed","ping_status":"closed","template":"","meta":[],"_links":{"self":[{"href":"https:\/\/www.colianlogistic.pl\/pl\/wp-json\/wp\/v2\/pages\/8853"}],"collection":[{"href":"https:\/\/www.colianlogistic.pl\/pl\/wp-json\/wp\/v2\/pages"}],"about":[{"href":"https:\/\/www.colianlogistic.pl\/pl\/wp-json\/wp\/v2\/types\/page"}],"author":[{"embeddable":true,"href":"https:\/\/www.colianlogistic.pl\/pl\/wp-json\/wp\/v2\/users\/4"}],"replies":[{"embeddable":true,"href":"https:\/\/www.colianlogistic.pl\/pl\/wp-json\/wp\/v2\/comments?post=8853"}],"version-history":[{"count":40,"href":"https:\/\/www.colianlogistic.pl\/pl\/wp-json\/wp\/v2\/pages\/8853\/revisions"}],"predecessor-version":[{"id":9019,"href":"https:\/\/www.colianlogistic.pl\/pl\/wp-json\/wp\/v2\/pages\/8853\/revisions\/9019"}],"wp:attachment":[{"href":"https:\/\/www.colianlogistic.pl\/pl\/wp-json\/wp\/v2\/media?parent=8853"}],"curies":[{"name":"wp","href":"https:\/\/api.w.org\/{rel}","templated":true}]}}