{"id":3745,"date":"2020-06-15T07:43:06","date_gmt":"2020-06-15T05:43:06","guid":{"rendered":"https:\/\/colianlogistic.pl?page_id=3745"},"modified":"2020-10-28T23:23:30","modified_gmt":"2020-10-28T22:23:30","slug":"rodo","status":"publish","type":"page","link":"https:\/\/www.colianlogistic.pl\/pl\/rodo\/","title":{"rendered":"Dane Osobowe"},"content":{"rendered":"\t\t<div data-elementor-type=\"wp-post\" data-elementor-id=\"3745\" class=\"elementor elementor-3745\" data-elementor-settings=\"[]\">\n\t\t\t\t\t\t<div class=\"elementor-inner\">\n\t\t\t\t\t\t\t<div class=\"elementor-section-wrap\">\n\t\t\t\t\t\t\t<section class=\"elementor-section elementor-top-section elementor-element elementor-element-7c0926a elementor-section-content-middle elementor-section-boxed elementor-section-height-default elementor-section-height-default\" data-id=\"7c0926a\" data-element_type=\"section\">\n\t\t\t\t\t\t<div class=\"elementor-container elementor-column-gap-extended\">\n\t\t\t\t\t\t\t<div class=\"elementor-row\">\n\t\t\t\t\t<div class=\"elementor-column elementor-col-100 elementor-top-column elementor-element elementor-element-2137608 sc_layouts_column_icons_position_left\" data-id=\"2137608\" data-element_type=\"column\">\n\t\t\t<div class=\"elementor-column-wrap elementor-element-populated\">\n\t\t\t\t\t\t\t<div class=\"elementor-widget-wrap\">\n\t\t\t\t\t\t<div class=\"elementor-element elementor-element-9818d4e scheme_default elementor-widget elementor-widget-trx_sc_title\" data-id=\"9818d4e\" data-element_type=\"widget\" data-widget_type=\"trx_sc_title.default\">\n\t\t\t\t<div class=\"elementor-widget-container\">\n\t\t\t<div id=\"trx_sc_title_1739656155\"\n\t\tclass=\"sc_title color_style_default scheme_default sc_title_default with_border\">\n<div class=\"sc_title_container  sc_align_none title_style_default with_border\">\n<h6 class=\"sc_item_subtitle sc_title_subtitle sc_align_none sc_item_title_style_default with_border\">Klauzula <\/h6><h2 class=\"sc_item_title sc_title_title sc_align_none sc_item_title_style_default with_border\">informacyjna<\/h2><\/div>\n\n<div class=\"sc_item_descr sc_title_descr sc_align_none\"><p>Zgodnie z art. 13 ust. 1 og\u00f3lnego rozporz\u0105dzenia o ochronie danych osobowych z dnia 27 kwietnia 2016 r. (RODO) informuj\u0119, i\u017c:<\/p>\n<\/div><\/div><!-- \/.sc_title -->\t\t<\/div>\n\t\t\t\t<\/div>\n\t\t\t\t<div class=\"elementor-element elementor-element-35e8497 elementor-widget elementor-widget-spacer\" data-id=\"35e8497\" data-element_type=\"widget\" data-widget_type=\"spacer.default\">\n\t\t\t\t<div class=\"elementor-widget-container\">\n\t\t\t\t\t<div class=\"elementor-spacer\">\n\t\t\t<div class=\"elementor-spacer-inner\"><\/div>\n\t\t<\/div>\n\t\t\t\t<\/div>\n\t\t\t\t<\/div>\n\t\t\t\t\t\t<\/div>\n\t\t\t\t\t<\/div>\n\t\t<\/div>\n\t\t\t\t\t\t\t\t<\/div>\n\t\t\t\t\t<\/div>\n\t\t<\/section>\n\t\t\t\t<section class=\"elementor-section elementor-top-section elementor-element elementor-element-f6d2133 elementor-section-content-middle elementor-section-boxed elementor-section-height-default elementor-section-height-default\" data-id=\"f6d2133\" data-element_type=\"section\">\n\t\t\t\t\t\t<div class=\"elementor-container elementor-column-gap-extended\">\n\t\t\t\t\t\t\t<div class=\"elementor-row\">\n\t\t\t\t\t<div class=\"elementor-column elementor-col-100 elementor-top-column elementor-element elementor-element-a17c35f sc_layouts_column_icons_position_left\" data-id=\"a17c35f\" data-element_type=\"column\">\n\t\t\t<div class=\"elementor-column-wrap elementor-element-populated\">\n\t\t\t\t\t\t\t<div class=\"elementor-widget-wrap\">\n\t\t\t\t\t\t<div class=\"elementor-element elementor-element-eac2bf2 elementor-widget elementor-widget-text-editor\" data-id=\"eac2bf2\" data-element_type=\"widget\" data-widget_type=\"text-editor.default\">\n\t\t\t\t<div class=\"elementor-widget-container\">\n\t\t\t\t\t\t\t\t<div class=\"elementor-text-editor elementor-clearfix\">\n\t\t\t\t<div class=\"cf fl c21 E\"><ol><li>Administratorem Pani\/Pana danych osobowych jest podmiot Colian Logistic sp. z o.o. \u2013 dalej Colian Logistic.<\/li><li>W razie jakichkolwiek w\u0105tpliwo\u015bci zwi\u0105zanych z przetwarzaniem dotycz\u0105cych Pani\/Pana danych, prosz\u0119 nie waha\u0107 si\u0119 skontaktowa\u0107 z nami pod adresem: rodo@colian.com, lub nr tel: +48 61 646 00 91.<\/li><li>Pani\/Pana dane osobowe przetwarzane b\u0119d\u0105 w celu prowadzenia z Pani\u0105\/Panem korespondencji i za\u0142atwienia sprawy oraz w celu ewentualnego ustalenia lub dochodzenia roszcze\u0144 lub obrony przed roszczeniami; podstaw\u0105 prawn\u0105 przetwarzania jest prawnie uzasadniony interes, zgodnie z 6 ust. 1 lit. f RODO, polegaj\u0105cy na prowadzeniu korespondencji z interesantami i za\u0142atwieniu zg\u0142aszanych przez nich spraw.<\/li><li>Odbiorcami Pani\/Pana danych osobowych mog\u0105 by\u0107 podmioty \u015bwiadcz\u0105ce na rzecz Colian Logistic danych us\u0142ug zwi\u0105zane z realizacj\u0105 ww. cel\u00f3w, w tym przede wszystkim dostawcy system\u00f3w informatycznych oraz podmioty \u015bwiadcz\u0105ce us\u0142ugi niezb\u0119dne do obs\u0142ugi Pa\u0144stwa sprawy jak r\u00f3wnie\u017c inne podmioty z Grupy Colian.<\/li><li>Pani\/Pana dane osobowe b\u0119d\u0105 przechowywane przez okres prowadzenia korespondencji i za\u0142atwienia sprawy. Okres przetwarzania mo\u017ce zosta\u0107 ka\u017cdorazowo przed\u0142u\u017cony o okres przedawnienia roszcze\u0144, je\u017celi przetwarzanie Pani\/Pana danych osobowych b\u0119dzie niezb\u0119dne dla ustalenia lub dochodzenia ewentualnych roszcze\u0144 lub obrony przed takimi roszczeniami przez Colian Logistic .<\/li><li>Przys\u0142uguje Pani\/Panu prawo dost\u0119pu do tre\u015bci swoich danych oraz prawo ich sprostowania, usuni\u0119cia, ograniczenia przetwarzania, prawo do przenoszenia danych, prawo wniesienia sprzeciwu, a je\u017celi przetwarzanie odbywa si\u0119 na podstawie zgody: prawo do cofni\u0119cia zgody w dowolnym momencie bez wp\u0142ywu na zgodno\u015b\u0107 z prawem przetwarzania, kt\u00f3rego dokonano na podstawie zgody przed jej cofni\u0119ciem.<\/li><li>Je\u015bli uzna Pani\/Pan, i\u017c przetwarzanie danych osobowych Pani\/Pana dotycz\u0105cych narusza przepisy RODO, przys\u0142uguje Pani\/Panu prawo wniesienia skargi do Prezesa Urz\u0119du Ochrony Danych Osobowych.<\/li><li>Podanie przez Pani\u0105\/Pana danych osobowych jest dobrowolne. W razie niepodania danych osobowych, niemo\u017cliwe b\u0119dzie prowadzenie z Pani\u0105\/Panem korespondencji i obs\u0142uga Pani\/Pana zapytania.<\/li><li>Zgodnie z art. 21 ust. 4 RODO informuj\u0119, i\u017c przys\u0142uguje Pani\/Panu prawo wniesienia sprzeciwu wobec przetwarzania dotycz\u0105cych Pani\/Panu danych osobowych. Sprzeciw nale\u017cy z\u0142o\u017cy\u0107 na adres mail wskazany wy\u017cej. Zgodnie z art. 21 ust. 1 RODO, sk\u0142adaj\u0105c sprzeciw, nale\u017cy wskaza\u0107 jego przyczyny zwi\u0105zane z Pani\/Pana szczeg\u00f3ln\u0105 sytuacj\u0105.<\/li><\/ol><\/div>\t\t\t\t\t<\/div>\n\t\t\t\t\t\t<\/div>\n\t\t\t\t<\/div>\n\t\t\t\t<div class=\"elementor-element elementor-element-f29b119 elementor-widget elementor-widget-spacer\" data-id=\"f29b119\" data-element_type=\"widget\" data-widget_type=\"spacer.default\">\n\t\t\t\t<div class=\"elementor-widget-container\">\n\t\t\t\t\t<div class=\"elementor-spacer\">\n\t\t\t<div class=\"elementor-spacer-inner\"><\/div>\n\t\t<\/div>\n\t\t\t\t<\/div>\n\t\t\t\t<\/div>\n\t\t\t\t\t\t<\/div>\n\t\t\t\t\t<\/div>\n\t\t<\/div>\n\t\t\t\t\t\t\t\t<\/div>\n\t\t\t\t\t<\/div>\n\t\t<\/section>\n\t\t\t\t\t\t<\/div>\n\t\t\t\t\t\t<\/div>\n\t\t\t\t\t<\/div>\n\t\t","protected":false},"excerpt":{"rendered":"<p>Klauzula informacyjna Zgodnie z art. 13 ust. 1 og\u00f3lnego rozporz\u0105dzenia o ochronie danych osobowych z dnia 27 kwietnia 2016 r. (RODO) informuj\u0119, i\u017c: Administratorem Pani\/Pana danych osobowych jest podmiot Colian Logistic sp. z o.o. \u2013 dalej Colian Logistic.&hellip;<\/p>\n","protected":false},"author":5,"featured_media":0,"parent":0,"menu_order":0,"comment_status":"closed","ping_status":"closed","template":"","meta":[],"_links":{"self":[{"href":"https:\/\/www.colianlogistic.pl\/pl\/wp-json\/wp\/v2\/pages\/3745"}],"collection":[{"href":"https:\/\/www.colianlogistic.pl\/pl\/wp-json\/wp\/v2\/pages"}],"about":[{"href":"https:\/\/www.colianlogistic.pl\/pl\/wp-json\/wp\/v2\/types\/page"}],"author":[{"embeddable":true,"href":"https:\/\/www.colianlogistic.pl\/pl\/wp-json\/wp\/v2\/users\/5"}],"replies":[{"embeddable":true,"href":"https:\/\/www.colianlogistic.pl\/pl\/wp-json\/wp\/v2\/comments?post=3745"}],"version-history":[{"count":1,"href":"https:\/\/www.colianlogistic.pl\/pl\/wp-json\/wp\/v2\/pages\/3745\/revisions"}],"predecessor-version":[{"id":4822,"href":"https:\/\/www.colianlogistic.pl\/pl\/wp-json\/wp\/v2\/pages\/3745\/revisions\/4822"}],"wp:attachment":[{"href":"https:\/\/www.colianlogistic.pl\/pl\/wp-json\/wp\/v2\/media?parent=3745"}],"curies":[{"name":"wp","href":"https:\/\/api.w.org\/{rel}","templated":true}]}}