{"id":4787,"date":"2020-06-15T07:43:06","date_gmt":"2020-06-15T05:43:06","guid":{"rendered":"https:\/\/colianlogistic.plrodo\/"},"modified":"2020-10-28T23:52:43","modified_gmt":"2020-10-28T22:52:43","slug":"personenbezogene-daten","status":"publish","type":"page","link":"https:\/\/www.colianlogistic.pl\/de\/personenbezogene-daten\/","title":{"rendered":"Personenbezogene Daten"},"content":{"rendered":"\t\t<div data-elementor-type=\"wp-post\" data-elementor-id=\"4787\" class=\"elementor elementor-4787 elementor-3745\" data-elementor-settings=\"[]\">\n\t\t\t\t\t\t<div class=\"elementor-inner\">\n\t\t\t\t\t\t\t<div class=\"elementor-section-wrap\">\n\t\t\t\t\t\t\t<section class=\"elementor-section elementor-top-section elementor-element elementor-element-7c0926a elementor-section-content-middle elementor-section-boxed elementor-section-height-default elementor-section-height-default\" data-id=\"7c0926a\" data-element_type=\"section\">\n\t\t\t\t\t\t<div class=\"elementor-container elementor-column-gap-extended\">\n\t\t\t\t\t\t\t<div class=\"elementor-row\">\n\t\t\t\t\t<div class=\"elementor-column elementor-col-100 elementor-top-column elementor-element elementor-element-2137608 sc_layouts_column_icons_position_left\" data-id=\"2137608\" data-element_type=\"column\">\n\t\t\t<div class=\"elementor-column-wrap elementor-element-populated\">\n\t\t\t\t\t\t\t<div class=\"elementor-widget-wrap\">\n\t\t\t\t\t\t<div class=\"elementor-element elementor-element-9818d4e scheme_default elementor-widget elementor-widget-trx_sc_title\" data-id=\"9818d4e\" data-element_type=\"widget\" data-widget_type=\"trx_sc_title.default\">\n\t\t\t\t<div class=\"elementor-widget-container\">\n\t\t\t<div id=\"trx_sc_title_364440600\"\n\t\tclass=\"sc_title color_style_default scheme_default sc_title_default with_border\">\n<div class=\"sc_title_container  sc_align_none title_style_default with_border\">\n<h6 class=\"sc_item_subtitle sc_title_subtitle sc_align_none sc_item_title_style_default with_border\">INFORMATIONS<\/h6><h2 class=\"sc_item_title sc_title_title sc_align_none sc_item_title_style_default with_border\">KLAUSEL<\/h2><\/div>\n\n<div class=\"sc_item_descr sc_title_descr sc_align_none\"><p>Laut Artikel 13 Absatz 1 der Allgemeinen Datenschutz-Grundverordnung (DSGVO) vom 27. April 2016 teile ich Ihnen mit:<\/p>\n<\/div><\/div><!-- \/.sc_title -->\t\t<\/div>\n\t\t\t\t<\/div>\n\t\t\t\t<div class=\"elementor-element elementor-element-35e8497 elementor-widget elementor-widget-spacer\" data-id=\"35e8497\" data-element_type=\"widget\" data-widget_type=\"spacer.default\">\n\t\t\t\t<div class=\"elementor-widget-container\">\n\t\t\t\t\t<div class=\"elementor-spacer\">\n\t\t\t<div class=\"elementor-spacer-inner\"><\/div>\n\t\t<\/div>\n\t\t\t\t<\/div>\n\t\t\t\t<\/div>\n\t\t\t\t\t\t<\/div>\n\t\t\t\t\t<\/div>\n\t\t<\/div>\n\t\t\t\t\t\t\t\t<\/div>\n\t\t\t\t\t<\/div>\n\t\t<\/section>\n\t\t\t\t<section class=\"elementor-section elementor-top-section elementor-element elementor-element-f6d2133 elementor-section-content-middle elementor-section-boxed elementor-section-height-default elementor-section-height-default\" data-id=\"f6d2133\" data-element_type=\"section\">\n\t\t\t\t\t\t<div class=\"elementor-container elementor-column-gap-extended\">\n\t\t\t\t\t\t\t<div class=\"elementor-row\">\n\t\t\t\t\t<div class=\"elementor-column elementor-col-100 elementor-top-column elementor-element elementor-element-a17c35f sc_layouts_column_icons_position_left\" data-id=\"a17c35f\" data-element_type=\"column\">\n\t\t\t<div class=\"elementor-column-wrap elementor-element-populated\">\n\t\t\t\t\t\t\t<div class=\"elementor-widget-wrap\">\n\t\t\t\t\t\t<div class=\"elementor-element elementor-element-eac2bf2 elementor-widget elementor-widget-text-editor\" data-id=\"eac2bf2\" data-element_type=\"widget\" data-widget_type=\"text-editor.default\">\n\t\t\t\t<div class=\"elementor-widget-container\">\n\t\t\t\t\t\t\t\t<div class=\"elementor-text-editor elementor-clearfix\">\n\t\t\t\t<div class=\"cf fl c21 E\"><ol><li>Der Verwalter Ihrer personenbezogenen Daten ist das Unternehmen Colian Logistic sp. z o.o. &#8211; im Folgenden als Colian Logistic bezeichnet.<\/li><li>Bei Zweifeln bez\u00fcglich der Verarbeitung Ihrer Daten z\u00f6gern Sie bitte nicht, uns unter der angegebenen E-Mail-Adresse: rodo@colian.com, oder per Tel.: +48 61 646 00 91 zu kontaktieren.<\/li><li>Ihre personenbezogenen Daten werden zum Zwecke der Korrespondenz mit Ihnen und der Beilegung eines Falles sowie zum Zwecke einer m\u00f6glichen Feststellung oder Geltendmachung oder Abwehr von Anspr\u00fcchen verarbeitet; Rechtsgrundlage f\u00fcr die Verarbeitung ist ein berechtigtes Interesse gem\u00e4\u00df \u00a7 6 Abs. 1 Buchstabe f DSGVO, das auf die Korrespondenz mit den betroffenen Parteien und auf die Beilegung der von ihnen gemeldeten F\u00e4lle beruht.<\/li><li>Die Empf\u00e4nger Ihrer personenbezogenen Daten k\u00f6nnen Unternehmen sein, die Colian Logistic Dienstleistungen im Zusammenhang mit den oben genannten Zwecken erbringen, darunter vor allem IT-Systemanbieter und Unternehmen, die die f\u00fcr die Bearbeitung Ihres Falles erforderlichen Dienstleistungen erbringen, sowie andere Unternehmen der Colian Gruppe.<\/li><li>Ihre personenbezogenen Daten werden f\u00fcr die Dauer der Korrespondenz und der Bearbeitung Ihres Falles aufbewahrt. Der Verarbeitungszeitraum kann jederzeit durch die Verj\u00e4hrung von Anspr\u00fcchen verl\u00e4ngert werden, wenn die Verarbeitung Ihrer personenbezogenen Daten f\u00fcr Colian Logistic zur Feststellung oder Geltendmachung von Anspr\u00fcchen oder zur Abwehr solcher Anspr\u00fcche erforderlich ist.<\/li><li>Sie haben das Recht auf Zugang zum Inhalt Ihrer Daten und das Recht auf Berichtigung, L\u00f6schung, Einschr\u00e4nkung der Verarbeitung, das Recht auf \u00dcbertragung der Daten, das Widerspruchsrecht und, wenn die Verarbeitung auf einer Einwilligung beruht: das Recht, die Einwilligung jederzeit zu widerrufen, ohne die Rechtm\u00e4\u00dfigkeit der Verarbeitung zu beeintr\u00e4chtigen, die auf der Grundlage der Einwilligung vor ihrem Widerruf durchgef\u00fchrt wurde.<\/li><li>Wenn Sie der Meinung sind, dass die Verarbeitung Ihrer personenbezogenen Daten gegen die DSGVO-Regeln verst\u00f6\u00dft, haben Sie das Recht, eine Beschwerde beim Vorsitzenden des Datenschutzamtes einzureichen.<\/li><li>Die Angabe Ihrer personenbezogenen Daten ist freiwillig. Wenn Sie Ihre personenbezogenen Daten nicht angeben, ist es unm\u00f6glich, mit Ihnen zu korrespondieren und Ihre Anfrage zu bearbeiten.<\/li><li>Laut Art. 21 Abs. 4 DSGVO m\u00f6chte ich Sie dar\u00fcber informieren, dass Sie das Recht haben, gegen die Verarbeitung Ihrer personenbezogenen Daten Widerspruch einzulegen. Der Einspruch ist an die oben angegebene E-Mail-Adresse zu richten. Gem\u00e4\u00df Artikel 21 Absatz 1 DSGVO ist es bei der Einreichung eines Einspruchs notwendig, die Gr\u00fcnde f\u00fcr den Einspruch im Zusammenhang mit Ihrer spezifischen Situation anzugeben.<\/li><\/ol><\/div>\t\t\t\t\t<\/div>\n\t\t\t\t\t\t<\/div>\n\t\t\t\t<\/div>\n\t\t\t\t<div class=\"elementor-element elementor-element-f29b119 elementor-widget elementor-widget-spacer\" data-id=\"f29b119\" data-element_type=\"widget\" data-widget_type=\"spacer.default\">\n\t\t\t\t<div class=\"elementor-widget-container\">\n\t\t\t\t\t<div class=\"elementor-spacer\">\n\t\t\t<div class=\"elementor-spacer-inner\"><\/div>\n\t\t<\/div>\n\t\t\t\t<\/div>\n\t\t\t\t<\/div>\n\t\t\t\t\t\t<\/div>\n\t\t\t\t\t<\/div>\n\t\t<\/div>\n\t\t\t\t\t\t\t\t<\/div>\n\t\t\t\t\t<\/div>\n\t\t<\/section>\n\t\t\t\t\t\t<\/div>\n\t\t\t\t\t\t<\/div>\n\t\t\t\t\t<\/div>\n\t\t","protected":false},"excerpt":{"rendered":"<p>INFORMATIONS KLAUSEL Laut Artikel 13 Absatz 1 der Allgemeinen Datenschutz-Grundverordnung (DSGVO) vom 27. April 2016 teile ich Ihnen mit: Der Verwalter Ihrer personenbezogenen Daten ist das Unternehmen Colian Logistic sp. z o.o. &#8211; im Folgenden als Colian Logistic&hellip;<\/p>\n","protected":false},"author":5,"featured_media":0,"parent":0,"menu_order":0,"comment_status":"closed","ping_status":"closed","template":"","meta":[],"_links":{"self":[{"href":"https:\/\/www.colianlogistic.pl\/de\/wp-json\/wp\/v2\/pages\/4787"}],"collection":[{"href":"https:\/\/www.colianlogistic.pl\/de\/wp-json\/wp\/v2\/pages"}],"about":[{"href":"https:\/\/www.colianlogistic.pl\/de\/wp-json\/wp\/v2\/types\/page"}],"author":[{"embeddable":true,"href":"https:\/\/www.colianlogistic.pl\/de\/wp-json\/wp\/v2\/users\/5"}],"replies":[{"embeddable":true,"href":"https:\/\/www.colianlogistic.pl\/de\/wp-json\/wp\/v2\/comments?post=4787"}],"version-history":[{"count":2,"href":"https:\/\/www.colianlogistic.pl\/de\/wp-json\/wp\/v2\/pages\/4787\/revisions"}],"predecessor-version":[{"id":4907,"href":"https:\/\/www.colianlogistic.pl\/de\/wp-json\/wp\/v2\/pages\/4787\/revisions\/4907"}],"wp:attachment":[{"href":"https:\/\/www.colianlogistic.pl\/de\/wp-json\/wp\/v2\/media?parent=4787"}],"curies":[{"name":"wp","href":"https:\/\/api.w.org\/{rel}","templated":true}]}}