{"id":4748,"date":"2020-05-29T15:40:07","date_gmt":"2020-05-29T13:40:07","guid":{"rendered":"https:\/\/colianlogistic.plkariera\/"},"modified":"2022-02-07T20:31:38","modified_gmt":"2022-02-07T19:31:38","slug":"karriere","status":"publish","type":"page","link":"https:\/\/www.colianlogistic.pl\/de\/karriere\/","title":{"rendered":"KARRIERE"},"content":{"rendered":"\t\t<div data-elementor-type=\"wp-post\" data-elementor-id=\"4748\" class=\"elementor elementor-4748 elementor-3106\" data-elementor-settings=\"[]\">\n\t\t\t\t\t\t<div class=\"elementor-inner\">\n\t\t\t\t\t\t\t<div class=\"elementor-section-wrap\">\n\t\t\t\t\t\t\t<section class=\"elementor-section elementor-top-section elementor-element elementor-element-602ad51 elementor-section-full_width elementor-section-stretched elementor-section-height-default elementor-section-height-default\" data-id=\"602ad51\" data-element_type=\"section\" data-settings=\"{&quot;stretch_section&quot;:&quot;section-stretched&quot;,&quot;background_background&quot;:&quot;slideshow&quot;,&quot;background_slideshow_gallery&quot;:[{&quot;id&quot;:3110,&quot;url&quot;:&quot;https:\\\/\\\/colianlogistic.pl\\\/wp-content\\\/uploads\\\/2020\\\/05\\\/kariera1.jpg&quot;},{&quot;id&quot;:3845,&quot;url&quot;:&quot;https:\\\/\\\/colianlogistic.pl\\\/wp-content\\\/uploads\\\/2020\\\/06\\\/cl-kariera.jpg&quot;},{&quot;id&quot;:3843,&quot;url&quot;:&quot;https:\\\/\\\/colianlogistic.pl\\\/wp-content\\\/uploads\\\/2020\\\/06\\\/cl-kariera3.jpg&quot;},{&quot;id&quot;:3109,&quot;url&quot;:&quot;https:\\\/\\\/colianlogistic.pl\\\/wp-content\\\/uploads\\\/2020\\\/05\\\/kariera2.jpg&quot;},{&quot;id&quot;:3844,&quot;url&quot;:&quot;https:\\\/\\\/colianlogistic.pl\\\/wp-content\\\/uploads\\\/2020\\\/06\\\/cl-kariera2.jpg&quot;}],&quot;background_slideshow_ken_burns&quot;:&quot;yes&quot;,&quot;background_slideshow_slide_duration&quot;:2000,&quot;background_slideshow_loop&quot;:&quot;yes&quot;,&quot;background_slideshow_slide_transition&quot;:&quot;fade&quot;,&quot;background_slideshow_transition_duration&quot;:500,&quot;background_slideshow_ken_burns_zoom_direction&quot;:&quot;in&quot;}\">\n\t\t\t\t\t\t\t<div class=\"elementor-background-overlay\"><\/div>\n\t\t\t\t\t\t\t<div class=\"elementor-container elementor-column-gap-extended\">\n\t\t\t\t\t\t\t<div class=\"elementor-row\">\n\t\t\t\t\t<div class=\"elementor-column elementor-col-100 elementor-top-column elementor-element elementor-element-4641d7a sc_layouts_column_icons_position_left\" data-id=\"4641d7a\" data-element_type=\"column\">\n\t\t\t<div class=\"elementor-column-wrap elementor-element-populated\">\n\t\t\t\t\t\t\t<div class=\"elementor-widget-wrap\">\n\t\t\t\t\t\t<div class=\"elementor-element elementor-element-a3db7b4 elementor-widget elementor-widget-spacer\" data-id=\"a3db7b4\" data-element_type=\"widget\" data-widget_type=\"spacer.default\">\n\t\t\t\t<div class=\"elementor-widget-container\">\n\t\t\t\t\t<div class=\"elementor-spacer\">\n\t\t\t<div class=\"elementor-spacer-inner\"><\/div>\n\t\t<\/div>\n\t\t\t\t<\/div>\n\t\t\t\t<\/div>\n\t\t\t\t<div class=\"elementor-element elementor-element-afe3106 scheme_dark elementor-widget elementor-widget-trx_sc_layouts_title\" data-id=\"afe3106\" data-element_type=\"widget\" data-widget_type=\"trx_sc_layouts_title.default\">\n\t\t\t\t<div class=\"elementor-widget-container\">\n\t\t\t<div id=\"trx_sc_layouts_title_1032471699\" class=\"sc_layouts_title sc_align_center with_content without_image without_tint\"><div class=\"sc_layouts_title_content\"><div class=\"sc_layouts_title_title\">\t\t\t\t\t\t\t<h1 class=\"sc_layouts_title_caption\">KARRIERE<\/h1>\n\t\t\t\t\t\t\t<\/div><\/div><!-- .sc_layouts_title_content --><\/div><!-- \/.sc_layouts_title -->\t\t<\/div>\n\t\t\t\t<\/div>\n\t\t\t\t<div class=\"elementor-element elementor-element-7348a76 elementor-widget elementor-widget-spacer\" data-id=\"7348a76\" data-element_type=\"widget\" data-widget_type=\"spacer.default\">\n\t\t\t\t<div class=\"elementor-widget-container\">\n\t\t\t\t\t<div class=\"elementor-spacer\">\n\t\t\t<div class=\"elementor-spacer-inner\"><\/div>\n\t\t<\/div>\n\t\t\t\t<\/div>\n\t\t\t\t<\/div>\n\t\t\t\t\t\t<\/div>\n\t\t\t\t\t<\/div>\n\t\t<\/div>\n\t\t\t\t\t\t\t\t<\/div>\n\t\t\t\t\t<\/div>\n\t\t<\/section>\n\t\t\t\t<section class=\"elementor-section elementor-top-section elementor-element elementor-element-b4b4a85 elementor-section-boxed elementor-section-height-default elementor-section-height-default\" data-id=\"b4b4a85\" data-element_type=\"section\">\n\t\t\t\t\t\t<div class=\"elementor-container elementor-column-gap-extended\">\n\t\t\t\t\t\t\t<div class=\"elementor-row\">\n\t\t\t\t\t<div class=\"elementor-column elementor-col-100 elementor-top-column elementor-element elementor-element-057f854 sc_layouts_column_icons_position_left\" data-id=\"057f854\" data-element_type=\"column\">\n\t\t\t<div class=\"elementor-column-wrap elementor-element-populated\">\n\t\t\t\t\t\t\t<div class=\"elementor-widget-wrap\">\n\t\t\t\t\t\t<div class=\"elementor-element elementor-element-f023ad3 elementor-widget elementor-widget-spacer\" data-id=\"f023ad3\" data-element_type=\"widget\" data-widget_type=\"spacer.default\">\n\t\t\t\t<div class=\"elementor-widget-container\">\n\t\t\t\t\t<div class=\"elementor-spacer\">\n\t\t\t<div class=\"elementor-spacer-inner\"><\/div>\n\t\t<\/div>\n\t\t\t\t<\/div>\n\t\t\t\t<\/div>\n\t\t\t\t\t\t<\/div>\n\t\t\t\t\t<\/div>\n\t\t<\/div>\n\t\t\t\t\t\t\t\t<\/div>\n\t\t\t\t\t<\/div>\n\t\t<\/section>\n\t\t\t\t<section class=\"elementor-section elementor-top-section elementor-element elementor-element-d94f118 elementor-section-boxed elementor-section-height-default elementor-section-height-default\" data-id=\"d94f118\" data-element_type=\"section\">\n\t\t\t\t\t\t<div class=\"elementor-container elementor-column-gap-extended\">\n\t\t\t\t\t\t\t<div class=\"elementor-row\">\n\t\t\t\t\t<div class=\"elementor-column elementor-col-100 elementor-top-column elementor-element elementor-element-81c2f7f sc_layouts_column_icons_position_left\" data-id=\"81c2f7f\" data-element_type=\"column\">\n\t\t\t<div class=\"elementor-column-wrap elementor-element-populated\">\n\t\t\t\t\t\t\t<div class=\"elementor-widget-wrap\">\n\t\t\t\t\t\t<div class=\"elementor-element elementor-element-4c85bf9 elementor-widget elementor-widget-trx_sc_title\" data-id=\"4c85bf9\" data-element_type=\"widget\" data-widget_type=\"trx_sc_title.default\">\n\t\t\t\t<div class=\"elementor-widget-container\">\n\t\t\t<div id=\"trx_sc_title_543832876\"\n\t\tclass=\"sc_title color_style_default sc_title_default with_border\">\n<div class=\"sc_title_container  sc_align_center title_style_default with_border\">\n<h6 class=\"sc_item_subtitle sc_title_subtitle sc_align_center sc_item_title_style_default with_border\">VERSCHIEDENE CHARAKTERE<\/h6><h2 class=\"sc_item_title sc_title_title sc_align_center sc_item_title_style_default with_border\"> - EIN TEAM<\/h2><\/div>\n\n<div class=\"sc_item_descr sc_title_descr sc_align_center\"><p>Das Personel von Colian Logistic sind Spezialisten in der TSL-Branche, die mit Leidenschaft und Energie ein harmonisches Team bilden.<\/p>\n<\/div><\/div><!-- \/.sc_title -->\t\t<\/div>\n\t\t\t\t<\/div>\n\t\t\t\t<div class=\"elementor-element elementor-element-c14453e elementor-widget elementor-widget-spacer\" data-id=\"c14453e\" data-element_type=\"widget\" data-widget_type=\"spacer.default\">\n\t\t\t\t<div class=\"elementor-widget-container\">\n\t\t\t\t\t<div class=\"elementor-spacer\">\n\t\t\t<div class=\"elementor-spacer-inner\"><\/div>\n\t\t<\/div>\n\t\t\t\t<\/div>\n\t\t\t\t<\/div>\n\t\t\t\t<div class=\"elementor-element elementor-element-f05badc scheme_default elementor-widget elementor-widget-text-editor\" data-id=\"f05badc\" data-element_type=\"widget\" data-widget_type=\"text-editor.default\">\n\t\t\t\t<div class=\"elementor-widget-container\">\n\t\t\t\t\t\t\t\t<div class=\"elementor-text-editor elementor-clearfix\">\n\t\t\t\tJeder von uns \u00fcbernimmt die volle Verantwortung f\u00fcr seinen Bereich, was sich umfassend in einer hohen Qualit\u00e4t der Dienstleistungen f\u00fcr die gesamte Organisation niederschl\u00e4gt. Bei Colian Logistic zu arbeiten bedeutet Erfahrung in einem der f\u00fchrenden Akteure auf dem Transportdienstleistungsmarkt, die M\u00f6glichkeit einer kontinuierlichen Entwicklung, stabile und motivierende Besch\u00e4ftigungsbedingungen, ein engagiertes Team und eine Reihe von Zusatzleistungen.\t\t\t\t\t<\/div>\n\t\t\t\t\t\t<\/div>\n\t\t\t\t<\/div>\n\t\t\t\t<div class=\"elementor-element elementor-element-0533d0a elementor-widget elementor-widget-spacer\" data-id=\"0533d0a\" data-element_type=\"widget\" data-widget_type=\"spacer.default\">\n\t\t\t\t<div class=\"elementor-widget-container\">\n\t\t\t\t\t<div class=\"elementor-spacer\">\n\t\t\t<div class=\"elementor-spacer-inner\"><\/div>\n\t\t<\/div>\n\t\t\t\t<\/div>\n\t\t\t\t<\/div>\n\t\t\t\t\t\t<\/div>\n\t\t\t\t\t<\/div>\n\t\t<\/div>\n\t\t\t\t\t\t\t\t<\/div>\n\t\t\t\t\t<\/div>\n\t\t<\/section>\n\t\t\t\t<section class=\"elementor-section elementor-top-section elementor-element elementor-element-8974c9e elementor-section-stretched sc_bg_mask_1 elementor-section-boxed elementor-section-height-default elementor-section-height-default\" data-id=\"8974c9e\" data-element_type=\"section\" data-settings=\"{&quot;stretch_section&quot;:&quot;section-stretched&quot;,&quot;background_background&quot;:&quot;classic&quot;}\">\n\t\t\t\t\t\t\t<div class=\"elementor-background-overlay\"><\/div>\n\t\t\t\t\t\t\t<div class=\"elementor-container elementor-column-gap-extended\">\n\t\t\t\t\t\t\t<div class=\"elementor-row\">\n\t\t\t\t\t<div class=\"elementor-column elementor-col-66 elementor-top-column elementor-element elementor-element-d9c3015 sc_layouts_column_icons_position_left\" data-id=\"d9c3015\" data-element_type=\"column\">\n\t\t\t<div class=\"elementor-column-wrap elementor-element-populated\">\n\t\t\t\t\t\t\t<div class=\"elementor-widget-wrap\">\n\t\t\t\t\t\t<div class=\"elementor-element elementor-element-4a77201 elementor-widget elementor-widget-spacer\" data-id=\"4a77201\" data-element_type=\"widget\" data-widget_type=\"spacer.default\">\n\t\t\t\t<div class=\"elementor-widget-container\">\n\t\t\t\t\t<div class=\"elementor-spacer\">\n\t\t\t<div class=\"elementor-spacer-inner\"><\/div>\n\t\t<\/div>\n\t\t\t\t<\/div>\n\t\t\t\t<\/div>\n\t\t\t\t<div class=\"elementor-element elementor-element-2c02f42 elementor-widget elementor-widget-text-editor\" data-id=\"2c02f42\" data-element_type=\"widget\" data-widget_type=\"text-editor.default\">\n\t\t\t\t<div class=\"elementor-widget-container\">\n\t\t\t\t\t\t\t\t<div class=\"elementor-text-editor elementor-clearfix\">\n\t\t\t\t<p style=\"text-align: center;\">Wenn Transport und Logistik Ihr Hauptinteresse und Ihre Berufserfahrung sind, verf\u00fcgen Sie \u00fcber Teamgeist, k\u00f6nnen auf \u00fcberraschende Situationen mit Gelassenheit reagieren und gleichzeitig nach festgelegten Verfahren arbeiten.<\/p>\t\t\t\t\t<\/div>\n\t\t\t\t\t\t<\/div>\n\t\t\t\t<\/div>\n\t\t\t\t<div class=\"elementor-element elementor-element-f8afd9c elementor-widget elementor-widget-spacer\" data-id=\"f8afd9c\" data-element_type=\"widget\" data-widget_type=\"spacer.default\">\n\t\t\t\t<div class=\"elementor-widget-container\">\n\t\t\t\t\t<div class=\"elementor-spacer\">\n\t\t\t<div class=\"elementor-spacer-inner\"><\/div>\n\t\t<\/div>\n\t\t\t\t<\/div>\n\t\t\t\t<\/div>\n\t\t\t\t\t\t<\/div>\n\t\t\t\t\t<\/div>\n\t\t<\/div>\n\t\t\t\t<div class=\"elementor-column elementor-col-33 elementor-top-column elementor-element elementor-element-3c7d04d sc_layouts_column_icons_position_left\" data-id=\"3c7d04d\" data-element_type=\"column\">\n\t\t\t<div class=\"elementor-column-wrap elementor-element-populated\">\n\t\t\t\t\t\t\t<div class=\"elementor-widget-wrap\">\n\t\t\t\t\t\t<div class=\"elementor-element elementor-element-9a4fa3b elementor-widget elementor-widget-spacer\" data-id=\"9a4fa3b\" data-element_type=\"widget\" data-widget_type=\"spacer.default\">\n\t\t\t\t<div class=\"elementor-widget-container\">\n\t\t\t\t\t<div class=\"elementor-spacer\">\n\t\t\t<div class=\"elementor-spacer-inner\"><\/div>\n\t\t<\/div>\n\t\t\t\t<\/div>\n\t\t\t\t<\/div>\n\t\t\t\t<div class=\"elementor-element elementor-element-3869e61 elementor-widget elementor-widget-text-editor\" data-id=\"3869e61\" data-element_type=\"widget\" data-widget_type=\"text-editor.default\">\n\t\t\t\t<div class=\"elementor-widget-container\">\n\t\t\t\t\t\t\t\t<div class=\"elementor-text-editor elementor-clearfix\">\n\t\t\t\t<strong>Schlie\u00dfen Sie sich uns an!<\/strong>\t\t\t\t\t<\/div>\n\t\t\t\t\t\t<\/div>\n\t\t\t\t<\/div>\n\t\t\t\t<div class=\"elementor-element elementor-element-2bb5d5d elementor-widget elementor-widget-spacer\" data-id=\"2bb5d5d\" data-element_type=\"widget\" data-widget_type=\"spacer.default\">\n\t\t\t\t<div class=\"elementor-widget-container\">\n\t\t\t\t\t<div class=\"elementor-spacer\">\n\t\t\t<div class=\"elementor-spacer-inner\"><\/div>\n\t\t<\/div>\n\t\t\t\t<\/div>\n\t\t\t\t<\/div>\n\t\t\t\t\t\t<\/div>\n\t\t\t\t\t<\/div>\n\t\t<\/div>\n\t\t\t\t\t\t\t\t<\/div>\n\t\t\t\t\t<\/div>\n\t\t<\/section>\n\t\t\t\t<section class=\"elementor-section elementor-top-section elementor-element elementor-element-33bae16 elementor-section-stretched elementor-section-boxed elementor-section-height-default elementor-section-height-default\" data-id=\"33bae16\" data-element_type=\"section\" data-settings=\"{&quot;stretch_section&quot;:&quot;section-stretched&quot;,&quot;background_background&quot;:&quot;classic&quot;}\">\n\t\t\t\t\t\t<div class=\"elementor-container elementor-column-gap-no\">\n\t\t\t\t\t\t\t<div class=\"elementor-row\">\n\t\t\t\t\t<div class=\"elementor-column elementor-col-100 elementor-top-column elementor-element elementor-element-7418b11 sc_layouts_column_icons_position_left\" data-id=\"7418b11\" data-element_type=\"column\">\n\t\t\t<div class=\"elementor-column-wrap elementor-element-populated\">\n\t\t\t\t\t\t\t<div class=\"elementor-widget-wrap\">\n\t\t\t\t\t\t<div class=\"elementor-element elementor-element-72a335a elementor-widget elementor-widget-spacer\" data-id=\"72a335a\" data-element_type=\"widget\" data-widget_type=\"spacer.default\">\n\t\t\t\t<div class=\"elementor-widget-container\">\n\t\t\t\t\t<div class=\"elementor-spacer\">\n\t\t\t<div class=\"elementor-spacer-inner\"><\/div>\n\t\t<\/div>\n\t\t\t\t<\/div>\n\t\t\t\t<\/div>\n\t\t\t\t\t\t<\/div>\n\t\t\t\t\t<\/div>\n\t\t<\/div>\n\t\t\t\t\t\t\t\t<\/div>\n\t\t\t\t\t<\/div>\n\t\t<\/section>\n\t\t\t\t<section class=\"elementor-section elementor-top-section elementor-element elementor-element-6b9f636 elementor-section-boxed elementor-section-height-default elementor-section-height-default\" data-id=\"6b9f636\" data-element_type=\"section\">\n\t\t\t\t\t\t<div class=\"elementor-container elementor-column-gap-extended\">\n\t\t\t\t\t\t\t<div class=\"elementor-row\">\n\t\t\t\t\t<div class=\"elementor-column elementor-col-50 elementor-top-column elementor-element elementor-element-ac841ab sc_layouts_column_icons_position_left\" data-id=\"ac841ab\" data-element_type=\"column\">\n\t\t\t<div class=\"elementor-column-wrap elementor-element-populated\">\n\t\t\t\t\t\t\t<div class=\"elementor-widget-wrap\">\n\t\t\t\t\t\t<div class=\"elementor-element elementor-element-da2d688 elementor-widget elementor-widget-trx_sc_title\" data-id=\"da2d688\" data-element_type=\"widget\" data-widget_type=\"trx_sc_title.default\">\n\t\t\t\t<div class=\"elementor-widget-container\">\n\t\t\t<div id=\"trx_sc_title_1944806935\"\n\t\tclass=\"sc_title color_style_default sc_title_default with_border\">\n<div class=\"sc_title_container  sc_align_center title_style_default with_border\">\n<h6 class=\"sc_item_subtitle sc_title_subtitle sc_align_center sc_item_title_style_default with_border\">AKTUELLE<\/h6><h2 class=\"sc_item_title sc_title_title sc_align_center sc_item_title_style_default with_border\"> STELLENANGEBOTE<\/h2><\/div>\n\n<div class=\"sc_item_descr sc_title_descr sc_align_center\"><p>Finden Sie heraus, wen wir derzeit f\u00fcr das Colian-Logistik-Team suchen! Klicken Sie auf die Stellenbezeichnung f\u00fcr Details.<\/p>\n<\/div><\/div><!-- \/.sc_title -->\t\t<\/div>\n\t\t\t\t<\/div>\n\t\t\t\t\t\t<\/div>\n\t\t\t\t\t<\/div>\n\t\t<\/div>\n\t\t\t\t<div class=\"elementor-column elementor-col-50 elementor-top-column elementor-element elementor-element-88238c9 sc_layouts_column_icons_position_left\" data-id=\"88238c9\" data-element_type=\"column\">\n\t\t\t<div class=\"elementor-column-wrap elementor-element-populated\">\n\t\t\t\t\t\t\t<div class=\"elementor-widget-wrap\">\n\t\t\t\t\t\t<div class=\"elementor-element elementor-element-5847ba3 elementor-button-warning elementor-align-center elementor-widget elementor-widget-button\" data-id=\"5847ba3\" data-element_type=\"widget\" data-widget_type=\"button.default\">\n\t\t\t\t<div class=\"elementor-widget-container\">\n\t\t\t\t\t<div class=\"elementor-button-wrapper\">\n\t\t\t<a href=\"https:\/\/pracodawcy.pracuj.pl\/colian-logistic-sp-z-o-o,372641\" class=\"elementor-button-link elementor-button elementor-size-xl\" role=\"button\">\n\t\t\t\t\t\t<span class=\"elementor-button-content-wrapper\">\n\t\t\t\t\t\t<span class=\"elementor-button-text\">Stellenangebote<br> ansehen<\/span>\n\t\t<\/span>\n\t\t\t\t\t<\/a>\n\t\t<\/div>\n\t\t\t\t<\/div>\n\t\t\t\t<\/div>\n\t\t\t\t\t\t<\/div>\n\t\t\t\t\t<\/div>\n\t\t<\/div>\n\t\t\t\t\t\t\t\t<\/div>\n\t\t\t\t\t<\/div>\n\t\t<\/section>\n\t\t\t\t<section class=\"elementor-section elementor-top-section elementor-element elementor-element-7ac7f2a elementor-section-stretched elementor-section-boxed elementor-section-height-default elementor-section-height-default\" data-id=\"7ac7f2a\" data-element_type=\"section\" data-settings=\"{&quot;stretch_section&quot;:&quot;section-stretched&quot;,&quot;background_background&quot;:&quot;classic&quot;}\">\n\t\t\t\t\t\t<div class=\"elementor-container elementor-column-gap-no\">\n\t\t\t\t\t\t\t<div class=\"elementor-row\">\n\t\t\t\t\t<div class=\"elementor-column elementor-col-100 elementor-top-column elementor-element elementor-element-931d751 sc_layouts_column_icons_position_left\" data-id=\"931d751\" data-element_type=\"column\">\n\t\t\t<div class=\"elementor-column-wrap elementor-element-populated\">\n\t\t\t\t\t\t\t<div class=\"elementor-widget-wrap\">\n\t\t\t\t\t\t<div class=\"elementor-element elementor-element-63bdf1f elementor-widget elementor-widget-spacer\" data-id=\"63bdf1f\" data-element_type=\"widget\" data-widget_type=\"spacer.default\">\n\t\t\t\t<div class=\"elementor-widget-container\">\n\t\t\t\t\t<div class=\"elementor-spacer\">\n\t\t\t<div class=\"elementor-spacer-inner\"><\/div>\n\t\t<\/div>\n\t\t\t\t<\/div>\n\t\t\t\t<\/div>\n\t\t\t\t<div class=\"elementor-element elementor-element-5e3028b elementor-widget elementor-widget-trx_sc_title\" data-id=\"5e3028b\" data-element_type=\"widget\" data-widget_type=\"trx_sc_title.default\">\n\t\t\t\t<div class=\"elementor-widget-container\">\n\t\t\t<div id=\"trx_sc_title_559585424\"\n\t\tclass=\"sc_title color_style_default sc_title_default with_border\">\n<div class=\"sc_title_container  sc_align_center title_style_default with_border\">\n<h6 class=\"sc_item_subtitle sc_title_subtitle sc_align_center sc_item_title_style_default with_border\">ES GIBT KEIN STELLENANGEBOT, <\/h6><h2 class=\"sc_item_title sc_title_title sc_align_center sc_item_title_style_default with_border\"> DAS SIE INTERESSIERT?<\/h2><\/div>\n\n<div class=\"sc_item_descr sc_title_descr sc_align_center\"><p>Schicken Sie Ihren Lebenslauf und Ihr Bewerbungsschreiben an kariera@colian.com  - falls wir in Zukunft eine \u00e4hnliche Stelle besetzen werden, werden wir Sie kontaktieren.<\/p>\n<\/div><\/div><!-- \/.sc_title -->\t\t<\/div>\n\t\t\t\t<\/div>\n\t\t\t\t<div class=\"elementor-element elementor-element-fbc1fc2 elementor-widget elementor-widget-spacer\" data-id=\"fbc1fc2\" data-element_type=\"widget\" data-widget_type=\"spacer.default\">\n\t\t\t\t<div class=\"elementor-widget-container\">\n\t\t\t\t\t<div class=\"elementor-spacer\">\n\t\t\t<div class=\"elementor-spacer-inner\"><\/div>\n\t\t<\/div>\n\t\t\t\t<\/div>\n\t\t\t\t<\/div>\n\t\t\t\t\t\t<\/div>\n\t\t\t\t\t<\/div>\n\t\t<\/div>\n\t\t\t\t\t\t\t\t<\/div>\n\t\t\t\t\t<\/div>\n\t\t<\/section>\n\t\t\t\t<section class=\"elementor-section elementor-top-section elementor-element elementor-element-224ccfa elementor-section-boxed elementor-section-height-default elementor-section-height-default\" data-id=\"224ccfa\" data-element_type=\"section\">\n\t\t\t\t\t\t<div class=\"elementor-container elementor-column-gap-extended\">\n\t\t\t\t\t\t\t<div class=\"elementor-row\">\n\t\t\t\t\t<div class=\"elementor-column elementor-col-100 elementor-top-column elementor-element elementor-element-52b1f8c sc_layouts_column_icons_position_left\" data-id=\"52b1f8c\" data-element_type=\"column\">\n\t\t\t<div class=\"elementor-column-wrap elementor-element-populated\">\n\t\t\t\t\t\t\t<div class=\"elementor-widget-wrap\">\n\t\t\t\t\t\t<div class=\"elementor-element elementor-element-aca0cfb scheme_default elementor-widget elementor-widget-text-editor\" data-id=\"aca0cfb\" data-element_type=\"widget\" data-widget_type=\"text-editor.default\">\n\t\t\t\t<div class=\"elementor-widget-container\">\n\t\t\t\t\t\t\t\t<div class=\"elementor-text-editor elementor-clearfix\">\n\t\t\t\t<p style=\"text-align: center;\"><span style=\"color: #808080;\">Bitte f\u00fcgen Sie eine Klausel \u00fcber die Verarbeitung personenbezogener Daten f\u00fcr Einstellungszwecke ein.<\/span>\n<span style=\"color: #808080;\">Gleichzeitig teilen wir Ihnen h\u00f6flich mit, dass wir nur mit ausgew\u00e4hlten Personen Kontakt aufnehmen werden.<\/span><\/p>\t\t\t\t\t<\/div>\n\t\t\t\t\t\t<\/div>\n\t\t\t\t<\/div>\n\t\t\t\t<div class=\"elementor-element elementor-element-2d139b4 elementor-widget elementor-widget-spacer\" data-id=\"2d139b4\" data-element_type=\"widget\" data-widget_type=\"spacer.default\">\n\t\t\t\t<div class=\"elementor-widget-container\">\n\t\t\t\t\t<div class=\"elementor-spacer\">\n\t\t\t<div class=\"elementor-spacer-inner\"><\/div>\n\t\t<\/div>\n\t\t\t\t<\/div>\n\t\t\t\t<\/div>\n\t\t\t\t\t\t<\/div>\n\t\t\t\t\t<\/div>\n\t\t<\/div>\n\t\t\t\t\t\t\t\t<\/div>\n\t\t\t\t\t<\/div>\n\t\t<\/section>\n\t\t\t\t\t\t<\/div>\n\t\t\t\t\t\t<\/div>\n\t\t\t\t\t<\/div>\n\t\t","protected":false},"excerpt":{"rendered":"<p>KARRIERE VERSCHIEDENE CHARAKTERE &#8211; EIN TEAM Das Personel von Colian Logistic sind Spezialisten in der TSL-Branche, die mit Leidenschaft und Energie ein harmonisches Team bilden. Jeder von uns \u00fcbernimmt die volle Verantwortung f\u00fcr seinen Bereich, was sich umfassend&hellip;<\/p>\n","protected":false},"author":5,"featured_media":0,"parent":0,"menu_order":0,"comment_status":"closed","ping_status":"closed","template":"","meta":[],"_links":{"self":[{"href":"https:\/\/www.colianlogistic.pl\/de\/wp-json\/wp\/v2\/pages\/4748"}],"collection":[{"href":"https:\/\/www.colianlogistic.pl\/de\/wp-json\/wp\/v2\/pages"}],"about":[{"href":"https:\/\/www.colianlogistic.pl\/de\/wp-json\/wp\/v2\/types\/page"}],"author":[{"embeddable":true,"href":"https:\/\/www.colianlogistic.pl\/de\/wp-json\/wp\/v2\/users\/5"}],"replies":[{"embeddable":true,"href":"https:\/\/www.colianlogistic.pl\/de\/wp-json\/wp\/v2\/comments?post=4748"}],"version-history":[{"count":22,"href":"https:\/\/www.colianlogistic.pl\/de\/wp-json\/wp\/v2\/pages\/4748\/revisions"}],"predecessor-version":[{"id":7000,"href":"https:\/\/www.colianlogistic.pl\/de\/wp-json\/wp\/v2\/pages\/4748\/revisions\/7000"}],"wp:attachment":[{"href":"https:\/\/www.colianlogistic.pl\/de\/wp-json\/wp\/v2\/media?parent=4748"}],"curies":[{"name":"wp","href":"https:\/\/api.w.org\/{rel}","templated":true}]}}